{"id":10,"date":"2023-04-29T13:18:32","date_gmt":"2023-04-29T11:18:32","guid":{"rendered":"https:\/\/h-town.de\/?page_id=10"},"modified":"2025-09-16T20:42:52","modified_gmt":"2025-09-16T18:42:52","slug":"veranstaltungen","status":"publish","type":"page","link":"https:\/\/h-town.de\/?page_id=10","title":{"rendered":"Veranstaltungen"},"content":{"rendered":"\n<p class=\"has-text-align-center\">Hier k\u00f6nnen Sie Veranstaltungen in und um unseren Heimatort finden. Sollte ihnen auffallen, dass eine Veranstaltung fehlt, oder noch eine hinzugef\u00fcgt werden kann. melden Sie sich einfach \u00fcber meine Kontaktm\u00f6glichkeiten \ud83d\ude42<\/p>\n\n\n\n<p><\/p>\n\n\n\n<iframe src=\"https:\/\/teamup.com\/ks9rrwmankquzy61an?tz=Calendar%20default&#038;showLogo=1&#038;showSearch=1&#038;showProfileAndInfo=0&#038;showSidepanel=1&#038;showTitle=1&#038;showViewHeader=1&#038;showAgendaDetails=0&#038;showDateControls=1&#038;showDateRange=1\" style=\"width: 100%; height: 600px; border: 1px solid #cccccc\" loading=\"lazy\" frameborder=\"0\"><\/iframe>\n","protected":false},"excerpt":{"rendered":"<p>Hier k\u00f6nnen Sie Veranstaltungen in und um unseren Heimatort finden. Sollte ihnen auffallen, dass eine Veranstaltung fehlt, oder noch eine hinzugef\u00fcgt werden kann. [&hellip;]<\/p>\n","protected":false},"author":1,"featured_media":0,"parent":0,"menu_order":0,"comment_status":"closed","ping_status":"closed","template":"","meta":{"_eb_attr":"","footnotes":""},"class_list":["post-10","page","type-page","status-publish","hentry"],"jetpack_sharing_enabled":true,"_links":{"self":[{"href":"https:\/\/h-town.de\/index.php?rest_route=\/wp\/v2\/pages\/10","targetHints":{"allow":["GET"]}}],"collection":[{"href":"https:\/\/h-town.de\/index.php?rest_route=\/wp\/v2\/pages"}],"about":[{"href":"https:\/\/h-town.de\/index.php?rest_route=\/wp\/v2\/types\/page"}],"author":[{"embeddable":true,"href":"https:\/\/h-town.de\/index.php?rest_route=\/wp\/v2\/users\/1"}],"replies":[{"embeddable":true,"href":"https:\/\/h-town.de\/index.php?rest_route=%2Fwp%2Fv2%2Fcomments&post=10"}],"version-history":[{"count":6,"href":"https:\/\/h-town.de\/index.php?rest_route=\/wp\/v2\/pages\/10\/revisions"}],"predecessor-version":[{"id":669,"href":"https:\/\/h-town.de\/index.php?rest_route=\/wp\/v2\/pages\/10\/revisions\/669"}],"wp:attachment":[{"href":"https:\/\/h-town.de\/index.php?rest_route=%2Fwp%2Fv2%2Fmedia&parent=10"}],"curies":[{"name":"wp","href":"https:\/\/api.w.org\/{rel}","templated":true}]}}