{"id":41,"date":"2023-04-29T22:30:41","date_gmt":"2023-04-29T20:30:41","guid":{"rendered":"https:\/\/h-town.de\/?page_id=41"},"modified":"2023-05-20T15:46:51","modified_gmt":"2023-05-20T13:46:51","slug":"informationen","status":"publish","type":"page","link":"https:\/\/h-town.de\/?page_id=41","title":{"rendered":"Informationen"},"content":{"rendered":"\n<div class=\"wp-block-columns is-layout-flex wp-container-core-columns-is-layout-28f84493 wp-block-columns-is-layout-flex\">\n<div class=\"wp-block-column is-layout-flow wp-block-column-is-layout-flow\">\n<h2 class=\"wp-block-heading\">Zahlen und Fakten<\/h2>\n\n\n\n<ul class=\"wp-block-list\">\n<li><strong>Fl\u00e4che:&nbsp;<\/strong>ca. 13 Km<sup>2<\/sup><\/li>\n\n\n\n<li><strong>Bev\u00f6lkerung:&nbsp;<\/strong>1727 (Stand 01.03.2016)<\/li>\n\n\n\n<li><strong>PLZ:&nbsp;<\/strong>01996<\/li>\n\n\n\n<li><strong>Ortsteil:<\/strong>&nbsp;Stadt Senftenberg<\/li>\n\n\n\n<li><strong>KFZ-Kennzeichen:&nbsp;<\/strong>SFB<strong>,<\/strong>OSL<\/li>\n\n\n\n<li><strong>Telefonvorwahl:<\/strong>&nbsp;035756<\/li>\n\n\n\n<li><strong>Betriebe und Gewerbetreibende:&nbsp;<\/strong>ca. 89<\/li>\n\n\n\n<li><strong>Schulen:&nbsp;<\/strong>Linden-Grundschule Hosena<\/li>\n\n\n\n<li><strong>Kindereinrichtungen:&nbsp;<\/strong>KITA &#8222;Bienenschwarm&#8220; Hosena<\/li>\n\n\n\n<li><strong>Verbindungen DB-AG:&nbsp;<\/strong>Bahnhof Hosena<\/li>\n<\/ul>\n<\/div>\n\n\n\n<div class=\"wp-block-column is-layout-flow wp-block-column-is-layout-flow\">\n<p><\/p>\n\n\n\n<p><\/p>\n\n\n\n<figure class=\"wp-block-image size-full is-resized\"><img loading=\"lazy\" decoding=\"async\" src=\"https:\/\/h-town.de\/wp-content\/uploads\/2023\/04\/image.png\" alt=\"\" class=\"wp-image-42\" width=\"429\" height=\"285\" srcset=\"https:\/\/h-town.de\/wp-content\/uploads\/2023\/04\/image.png 800w, https:\/\/h-town.de\/wp-content\/uploads\/2023\/04\/image-300x200.png 300w, https:\/\/h-town.de\/wp-content\/uploads\/2023\/04\/image-768x512.png 768w\" sizes=\"auto, (max-width: 429px) 100vw, 429px\" \/><\/figure>\n<\/div>\n<\/div>\n\n\n\n<hr class=\"wp-block-separator has-alpha-channel-opacity\"\/>\n\n\n\n<h2 class=\"wp-block-heading\">Lage allgemein<\/h2>\n\n\n\n<p>Die Lage von Hosena<\/p>\n\n\n\n<ul class=\"wp-block-list\">\n<li>ca. 160 km bis&nbsp;<strong>Berlin<\/strong><\/li>\n\n\n\n<li>ca. 60 km bis&nbsp;<strong>Dresden<\/strong><\/li>\n\n\n\n<li>ca. 50 km bis&nbsp;<strong>Cottbus<\/strong><\/li>\n\n\n\n<li>ca. 8 km bis zur BAB 13 Anschlussstelle Ruhland<\/li>\n\n\n\n<li>Nur 4 km entfernt befindet sich der&nbsp;<strong>Senftenberger See&nbsp;<\/strong>, der gr\u00f6\u00dfte, k\u00fcnstlich angelegte See Europas.<\/li>\n\n\n\n<li>Ebenfalls in Senftenberg das<strong>&nbsp;Snowtropolis&nbsp;<\/strong>&#8211; Die Indoor-Skihalle in der Lausitz!<\/li>\n\n\n\n<li>Ca. 15km von hier befindet sich der<strong>&nbsp;Lausitzring&nbsp;<\/strong>, er z\u00e4hlt zu den gr\u00f6\u00dften und modernsten Motorsport- und Eventanlagen weltweit.<\/li>\n<\/ul>\n\n\n\n<hr class=\"wp-block-separator has-alpha-channel-opacity\"\/>\n","protected":false},"excerpt":{"rendered":"<p>Zahlen und Fakten Lage allgemein Die Lage von Hosena<\/p>\n","protected":false},"author":1,"featured_media":0,"parent":0,"menu_order":0,"comment_status":"closed","ping_status":"closed","template":"","meta":{"_eb_attr":"","footnotes":""},"class_list":["post-41","page","type-page","status-publish","hentry"],"jetpack_sharing_enabled":true,"_links":{"self":[{"href":"https:\/\/h-town.de\/index.php?rest_route=\/wp\/v2\/pages\/41","targetHints":{"allow":["GET"]}}],"collection":[{"href":"https:\/\/h-town.de\/index.php?rest_route=\/wp\/v2\/pages"}],"about":[{"href":"https:\/\/h-town.de\/index.php?rest_route=\/wp\/v2\/types\/page"}],"author":[{"embeddable":true,"href":"https:\/\/h-town.de\/index.php?rest_route=\/wp\/v2\/users\/1"}],"replies":[{"embeddable":true,"href":"https:\/\/h-town.de\/index.php?rest_route=%2Fwp%2Fv2%2Fcomments&post=41"}],"version-history":[{"count":4,"href":"https:\/\/h-town.de\/index.php?rest_route=\/wp\/v2\/pages\/41\/revisions"}],"predecessor-version":[{"id":45,"href":"https:\/\/h-town.de\/index.php?rest_route=\/wp\/v2\/pages\/41\/revisions\/45"}],"wp:attachment":[{"href":"https:\/\/h-town.de\/index.php?rest_route=%2Fwp%2Fv2%2Fmedia&parent=41"}],"curies":[{"name":"wp","href":"https:\/\/api.w.org\/{rel}","templated":true}]}}