{"id":531,"date":"2025-03-25T11:31:54","date_gmt":"2025-03-25T10:31:54","guid":{"rendered":"https:\/\/h-town.de\/?page_id=531"},"modified":"2025-10-27T02:53:34","modified_gmt":"2025-10-27T01:53:34","slug":"literatur","status":"publish","type":"page","link":"https:\/\/h-town.de\/?page_id=531","title":{"rendered":"Literatur"},"content":{"rendered":"\n<p>In dieser Rubrik finden Sie B\u00fccher \u00fcber Hosena sowie Werke von Autorinnen und Autoren aus Hosena. Ob Geschichte, Geschichten oder Pers\u00f6nliches \u2013 entdecken Sie Literatur mit regionalem Bezug.<\/p>\n\n\n\n<p><strong>Frank Neubert<\/strong><\/p>\n\n\n\n<div class=\"wp-block-columns is-layout-flex wp-container-core-columns-is-layout-28f84493 wp-block-columns-is-layout-flex\">\n<div class=\"wp-block-column is-layout-flow wp-block-column-is-layout-flow\">\n<figure class=\"wp-block-image size-full\"><a href=\"https:\/\/amzn.to\/3WoZfmU\"><img loading=\"lazy\" decoding=\"async\" width=\"600\" height=\"912\" src=\"https:\/\/h-town.de\/wp-content\/uploads\/2025\/10\/61KWik5QabL.jpg\" alt=\"\" class=\"wp-image-785\" srcset=\"https:\/\/h-town.de\/wp-content\/uploads\/2025\/10\/61KWik5QabL.jpg 600w, https:\/\/h-town.de\/wp-content\/uploads\/2025\/10\/61KWik5QabL-197x300.jpg 197w\" sizes=\"auto, (max-width: 600px) 100vw, 600px\" \/><\/a><\/figure>\n<\/div>\n\n\n\n<div class=\"wp-block-column is-layout-flow wp-block-column-is-layout-flow\"><\/div>\n\n\n\n<div class=\"wp-block-column is-layout-flow wp-block-column-is-layout-flow\"><\/div>\n<\/div>\n\n\n\n<p><strong>Oliver Schneider<\/strong><\/p>\n\n\n\n<div class=\"wp-block-columns is-layout-flex wp-container-core-columns-is-layout-28f84493 wp-block-columns-is-layout-flex\">\n<div class=\"wp-block-column is-layout-flow wp-block-column-is-layout-flow\">\n<figure class=\"wp-block-image size-large\"><a href=\"https:\/\/amzn.to\/4oEQ5ie\"><img loading=\"lazy\" decoding=\"async\" width=\"819\" height=\"1024\" src=\"https:\/\/h-town.de\/wp-content\/uploads\/2025\/10\/719fx2qZkL._SL1250_-819x1024.jpg\" alt=\"\" class=\"wp-image-779\" srcset=\"https:\/\/h-town.de\/wp-content\/uploads\/2025\/10\/719fx2qZkL._SL1250_-819x1024.jpg 819w, https:\/\/h-town.de\/wp-content\/uploads\/2025\/10\/719fx2qZkL._SL1250_-240x300.jpg 240w, https:\/\/h-town.de\/wp-content\/uploads\/2025\/10\/719fx2qZkL._SL1250_-768x960.jpg 768w, https:\/\/h-town.de\/wp-content\/uploads\/2025\/10\/719fx2qZkL._SL1250_-800x1000.jpg 800w, https:\/\/h-town.de\/wp-content\/uploads\/2025\/10\/719fx2qZkL._SL1250_.jpg 1000w\" sizes=\"auto, (max-width: 819px) 100vw, 819px\" \/><\/a><\/figure>\n<\/div>\n\n\n\n<div class=\"wp-block-column is-layout-flow wp-block-column-is-layout-flow\"><\/div>\n\n\n\n<div class=\"wp-block-column is-layout-flow wp-block-column-is-layout-flow\"><\/div>\n<\/div>\n\n\n\n<p><strong>Uwe Mahrholz<\/strong><\/p>\n\n\n\n<div class=\"wp-block-columns is-layout-flex wp-container-core-columns-is-layout-28f84493 wp-block-columns-is-layout-flex\">\n<div class=\"wp-block-column is-layout-flow wp-block-column-is-layout-flow\">\n<figure class=\"wp-block-image size-full\"><a href=\"https:\/\/amzn.to\/4oBLdu7\"><img loading=\"lazy\" decoding=\"async\" width=\"424\" height=\"599\" src=\"https:\/\/h-town.de\/wp-content\/uploads\/2025\/10\/51mYRYDMRbL.jpg\" alt=\"\" class=\"wp-image-783\" srcset=\"https:\/\/h-town.de\/wp-content\/uploads\/2025\/10\/51mYRYDMRbL.jpg 424w, https:\/\/h-town.de\/wp-content\/uploads\/2025\/10\/51mYRYDMRbL-212x300.jpg 212w\" sizes=\"auto, (max-width: 424px) 100vw, 424px\" \/><\/a><\/figure>\n<\/div>\n\n\n\n<div class=\"wp-block-column is-layout-flow wp-block-column-is-layout-flow\">\n<figure class=\"wp-block-image size-full\"><a href=\"https:\/\/amzn.to\/4o3Z2lb\"><img loading=\"lazy\" decoding=\"async\" width=\"600\" height=\"851\" src=\"https:\/\/h-town.de\/wp-content\/uploads\/2025\/10\/61XbDUnARbL.jpg\" alt=\"\" class=\"wp-image-781\" srcset=\"https:\/\/h-town.de\/wp-content\/uploads\/2025\/10\/61XbDUnARbL.jpg 600w, https:\/\/h-town.de\/wp-content\/uploads\/2025\/10\/61XbDUnARbL-212x300.jpg 212w\" sizes=\"auto, (max-width: 600px) 100vw, 600px\" \/><\/a><\/figure>\n<\/div>\n\n\n\n<div class=\"wp-block-column is-layout-flow wp-block-column-is-layout-flow\">\n<figure class=\"wp-block-image size-full\"><a href=\"https:\/\/amzn.to\/43x1pVj\"><img loading=\"lazy\" decoding=\"async\" width=\"424\" height=\"599\" src=\"https:\/\/h-town.de\/wp-content\/uploads\/2025\/10\/41lzQTjrY3L.jpg\" alt=\"\" class=\"wp-image-782\" srcset=\"https:\/\/h-town.de\/wp-content\/uploads\/2025\/10\/41lzQTjrY3L.jpg 424w, https:\/\/h-town.de\/wp-content\/uploads\/2025\/10\/41lzQTjrY3L-212x300.jpg 212w\" sizes=\"auto, (max-width: 424px) 100vw, 424px\" \/><\/a><\/figure>\n<\/div>\n<\/div>\n\n\n\n<p><\/p>\n","protected":false},"excerpt":{"rendered":"<p>In dieser Rubrik finden Sie B\u00fccher \u00fcber Hosena sowie Werke von Autorinnen und Autoren aus Hosena. Ob Geschichte, Geschichten oder Pers\u00f6nliches \u2013 entdecken [&hellip;]<\/p>\n","protected":false},"author":1,"featured_media":0,"parent":0,"menu_order":0,"comment_status":"closed","ping_status":"closed","template":"","meta":{"_eb_attr":"","footnotes":""},"class_list":["post-531","page","type-page","status-publish","hentry"],"jetpack_sharing_enabled":true,"_links":{"self":[{"href":"https:\/\/h-town.de\/index.php?rest_route=\/wp\/v2\/pages\/531","targetHints":{"allow":["GET"]}}],"collection":[{"href":"https:\/\/h-town.de\/index.php?rest_route=\/wp\/v2\/pages"}],"about":[{"href":"https:\/\/h-town.de\/index.php?rest_route=\/wp\/v2\/types\/page"}],"author":[{"embeddable":true,"href":"https:\/\/h-town.de\/index.php?rest_route=\/wp\/v2\/users\/1"}],"replies":[{"embeddable":true,"href":"https:\/\/h-town.de\/index.php?rest_route=%2Fwp%2Fv2%2Fcomments&post=531"}],"version-history":[{"count":9,"href":"https:\/\/h-town.de\/index.php?rest_route=\/wp\/v2\/pages\/531\/revisions"}],"predecessor-version":[{"id":787,"href":"https:\/\/h-town.de\/index.php?rest_route=\/wp\/v2\/pages\/531\/revisions\/787"}],"wp:attachment":[{"href":"https:\/\/h-town.de\/index.php?rest_route=%2Fwp%2Fv2%2Fmedia&parent=531"}],"curies":[{"name":"wp","href":"https:\/\/api.w.org\/{rel}","templated":true}]}}