{"id":816,"date":"2025-11-21T21:47:48","date_gmt":"2025-11-21T20:47:48","guid":{"rendered":"https:\/\/h-town.de\/?page_id=816"},"modified":"2025-11-21T22:52:12","modified_gmt":"2025-11-21T21:52:12","slug":"%f0%9f%8f%9b-politik-in-hosena","status":"publish","type":"page","link":"https:\/\/h-town.de\/?page_id=816","title":{"rendered":"\ud83c\udfdb Politik in Hosena"},"content":{"rendered":"\n<p class=\"has-text-align-center\">Hosena ist ein Ortsteil der Stadt Senftenberg und geh\u00f6rt damit zur brandenburgischen Kommunalpolitik im Landkreis Oberspreewald-Lausitz. Politische Entscheidungen, die das Leben in Hosena betreffen \u2013 von der Infrastruktur \u00fcber Kultur- und Sportf\u00f6rderung bis hin zu Bau- und Umweltfragen \u2013 werden in der <strong>Stadtverordnetenversammlung Senftenberg<\/strong> getroffen.<\/p>\n\n\n\n<p class=\"has-text-align-center\">Vor Ort engagieren sich viele B\u00fcrgerinnen und B\u00fcrger in <strong>Ortsbeirat, Vereinen und Initiativen<\/strong>, um die Interessen Hosenas zu vertreten und aktiv an der Entwicklung des Ortsteils mitzuwirken. Der <strong>Ortsbeirat Hosena<\/strong> fungiert dabei als Bindeglied zwischen den Einwohnerinnen und Einwohnern und der Stadtverwaltung. Er bringt Themen ein, gibt Empfehlungen zu Beschl\u00fcssen ab und k\u00fcmmert sich um lokale Anliegen \u2013 von der Gestaltung des Dorfplatzes bis hin zu Fragen der Verkehrssicherheit.<\/p>\n\n\n\n<p class=\"has-text-align-center\">Die Politik in Hosena ist gepr\u00e4gt von <strong>B\u00fcrgern\u00e4he, Engagement und Gemeinschaftssinn<\/strong>. Viele Entscheidungen entstehen im direkten Austausch mit Einwohnern, Vereinen, der Freiwilligen Feuerwehr und ortsans\u00e4ssigen Unternehmen. Ob bei Fragen zur Sportf\u00f6rderung, kulturellen Veranstaltungen oder zur zuk\u00fcnftigen Entwicklung des Ortsteils \u2013 in Hosena gilt:<br><strong>Mitreden. Mitmachen. Mitgestalten.<\/strong><\/p>\n\n\n\n<p class=\"has-text-align-center\">Die <strong>Sprechstunde des Ortsvorstehers\/Ortsbeirates<\/strong> findet jeden <strong>Dienstag 16:30 \u2013 17:30<\/strong> Uhr im <strong>B\u00fcro des Ortsvorstehers<\/strong> in der Schule Hosena statt.<\/p>\n\n\n\n<div class=\"wp-block-columns is-layout-flex wp-container-core-columns-is-layout-28f84493 wp-block-columns-is-layout-flex\">\n<div class=\"wp-block-column is-layout-flow wp-block-column-is-layout-flow\">\n<div class=\"wp-block-cover is-light\" style=\"min-height:238px;aspect-ratio:unset;\"><img loading=\"lazy\" decoding=\"async\" width=\"1024\" height=\"683\" class=\"wp-block-cover__image-background wp-image-818\" alt=\"\" src=\"https:\/\/h-town.de\/wp-content\/uploads\/2025\/11\/eb121043-dd80-4836-8e6b-42edd2cc9880-edited.png\" data-object-fit=\"cover\" srcset=\"https:\/\/h-town.de\/wp-content\/uploads\/2025\/11\/eb121043-dd80-4836-8e6b-42edd2cc9880-edited.png 1024w, https:\/\/h-town.de\/wp-content\/uploads\/2025\/11\/eb121043-dd80-4836-8e6b-42edd2cc9880-edited-300x200.png 300w, https:\/\/h-town.de\/wp-content\/uploads\/2025\/11\/eb121043-dd80-4836-8e6b-42edd2cc9880-edited-768x512.png 768w\" sizes=\"auto, (max-width: 1024px) 100vw, 1024px\" \/><span aria-hidden=\"true\" class=\"wp-block-cover__background has-light-gray-background-color has-background-dim-80 has-background-dim\"><\/span><div class=\"wp-block-cover__inner-container is-layout-flow wp-block-cover-is-layout-flow\">\n<p class=\"has-text-align-center has-xx-large-font-size\"><a href=\"https:\/\/h-town.de\/?page_id=90\" data-type=\"page\" data-id=\"90\"><strong>Der Ortsbeirat<\/strong><\/a><\/p>\n<\/div><\/div>\n<\/div>\n\n\n\n<div class=\"wp-block-column is-layout-flow wp-block-column-is-layout-flow\">\n<div class=\"wp-block-cover\" style=\"min-height:238px;aspect-ratio:unset;\"><img loading=\"lazy\" decoding=\"async\" width=\"1024\" height=\"683\" class=\"wp-block-cover__image-background wp-image-820\" alt=\"\" src=\"https:\/\/h-town.de\/wp-content\/uploads\/2025\/11\/b7f36ed3-3668-4e0d-85a8-217b3c5f0be0-edited.png\" data-object-fit=\"cover\" srcset=\"https:\/\/h-town.de\/wp-content\/uploads\/2025\/11\/b7f36ed3-3668-4e0d-85a8-217b3c5f0be0-edited.png 1024w, https:\/\/h-town.de\/wp-content\/uploads\/2025\/11\/b7f36ed3-3668-4e0d-85a8-217b3c5f0be0-edited-300x200.png 300w, https:\/\/h-town.de\/wp-content\/uploads\/2025\/11\/b7f36ed3-3668-4e0d-85a8-217b3c5f0be0-edited-768x512.png 768w\" sizes=\"auto, (max-width: 1024px) 100vw, 1024px\" \/><span aria-hidden=\"true\" class=\"wp-block-cover__background has-background-dim\"><\/span><div class=\"wp-block-cover__inner-container is-layout-flow wp-block-cover-is-layout-flow\">\n<p class=\"has-text-align-center has-large-font-size\">Die SVV<\/p>\n<\/div><\/div>\n<\/div>\n<\/div>\n\n\n\n<div class=\"wp-block-columns is-layout-flex wp-container-core-columns-is-layout-28f84493 wp-block-columns-is-layout-flex\">\n<div class=\"wp-block-column is-layout-flow wp-block-column-is-layout-flow\">\n<div class=\"wp-block-cover is-light\" style=\"min-height:237px;aspect-ratio:unset;\"><img loading=\"lazy\" decoding=\"async\" width=\"1024\" height=\"1024\" class=\"wp-block-cover__image-background wp-image-821\" alt=\"\" src=\"https:\/\/h-town.de\/wp-content\/uploads\/2025\/11\/1bfaa001-83e6-4a8e-9a24-d3ff7a0f35f3.png\" data-object-fit=\"cover\" srcset=\"https:\/\/h-town.de\/wp-content\/uploads\/2025\/11\/1bfaa001-83e6-4a8e-9a24-d3ff7a0f35f3.png 1024w, https:\/\/h-town.de\/wp-content\/uploads\/2025\/11\/1bfaa001-83e6-4a8e-9a24-d3ff7a0f35f3-300x300.png 300w, https:\/\/h-town.de\/wp-content\/uploads\/2025\/11\/1bfaa001-83e6-4a8e-9a24-d3ff7a0f35f3-150x150.png 150w, https:\/\/h-town.de\/wp-content\/uploads\/2025\/11\/1bfaa001-83e6-4a8e-9a24-d3ff7a0f35f3-768x768.png 768w, https:\/\/h-town.de\/wp-content\/uploads\/2025\/11\/1bfaa001-83e6-4a8e-9a24-d3ff7a0f35f3-1000x1000.png 1000w\" sizes=\"auto, (max-width: 1024px) 100vw, 1024px\" \/><span aria-hidden=\"true\" class=\"wp-block-cover__background has-white-background-color has-background-dim-80 has-background-dim\"><\/span><div class=\"wp-block-cover__inner-container is-layout-flow wp-block-cover-is-layout-flow\">\n<p class=\"has-text-align-center has-large-font-size\"><a href=\"https:\/\/h-town.de\/?page_id=851\" data-type=\"page\" data-id=\"851\"><strong>Niederschriften des \u00f6ff. Teils der OBR-Sitzungen<\/strong><\/a><\/p>\n<\/div><\/div>\n<\/div>\n\n\n\n<div class=\"wp-block-column is-layout-flow wp-block-column-is-layout-flow\">\r\n\t<div class=\"paoc-image-popup\">\r\n\t\t<a class=\"paoc-popup-click paoc-popup-cust-836 paoc-popup-image paoc-popup-image\" href=\"javascript:void(0);\"><img decoding=\"async\" class=\"popupaoc-img\" src=\"https:\/\/h-town.de\/wp-content\/uploads\/2025\/11\/pic_kontaktformular-300x300.png\" alt=\"\" \/><\/a>\r\n\r\n\t\t\t<\/div>\r\n\r\n\n<\/div>\n\n\n\n<div class=\"wp-block-column is-layout-flow wp-block-column-is-layout-flow\">\n<div class=\"wp-block-cover\" style=\"min-height:237px;aspect-ratio:unset;\"><img loading=\"lazy\" decoding=\"async\" width=\"1024\" height=\"1024\" class=\"wp-block-cover__image-background wp-image-821\" alt=\"\" src=\"https:\/\/h-town.de\/wp-content\/uploads\/2025\/11\/1bfaa001-83e6-4a8e-9a24-d3ff7a0f35f3.png\" data-object-fit=\"cover\" srcset=\"https:\/\/h-town.de\/wp-content\/uploads\/2025\/11\/1bfaa001-83e6-4a8e-9a24-d3ff7a0f35f3.png 1024w, https:\/\/h-town.de\/wp-content\/uploads\/2025\/11\/1bfaa001-83e6-4a8e-9a24-d3ff7a0f35f3-300x300.png 300w, https:\/\/h-town.de\/wp-content\/uploads\/2025\/11\/1bfaa001-83e6-4a8e-9a24-d3ff7a0f35f3-150x150.png 150w, https:\/\/h-town.de\/wp-content\/uploads\/2025\/11\/1bfaa001-83e6-4a8e-9a24-d3ff7a0f35f3-768x768.png 768w, https:\/\/h-town.de\/wp-content\/uploads\/2025\/11\/1bfaa001-83e6-4a8e-9a24-d3ff7a0f35f3-1000x1000.png 1000w\" sizes=\"auto, (max-width: 1024px) 100vw, 1024px\" \/><span aria-hidden=\"true\" class=\"wp-block-cover__background has-background-dim\"><\/span><div class=\"wp-block-cover__inner-container is-layout-flow wp-block-cover-is-layout-flow\">\n<p class=\"has-text-align-center has-large-font-size\">Niederschriften des \u00f6ff. Teils der SVV-Sitzungen<\/p>\n<\/div><\/div>\n<\/div>\n<\/div>\n\n\n\n<div class=\"wp-block-columns is-layout-flex wp-container-core-columns-is-layout-28f84493 wp-block-columns-is-layout-flex\">\n<div class=\"wp-block-column is-layout-flow wp-block-column-is-layout-flow\" style=\"flex-basis:50%\"><ul class=\"wp-block-latest-posts__list wp-block-latest-posts\"><li><a class=\"wp-block-latest-posts__post-title\" href=\"https:\/\/h-town.de\/?p=1035\">Einladung OBR-Sitzung April 2026<\/a><\/li>\n<li><a class=\"wp-block-latest-posts__post-title\" href=\"https:\/\/h-town.de\/?p=958\">\ud83d\uddf3\ufe0f Stichwahl zur Landratswahl im Landkreis OSL am 25. Januar 2026<\/a><\/li>\n<li><a class=\"wp-block-latest-posts__post-title\" href=\"https:\/\/h-town.de\/?p=953\">Einladung OBR-Sitzung Januar 2026<\/a><\/li>\n<li><a class=\"wp-block-latest-posts__post-title\" href=\"https:\/\/h-town.de\/?p=942\">Landratswahl 2026 \u2013 Podiumsdiskussion zur Landratswahl<\/a><\/li>\n<li><a class=\"wp-block-latest-posts__post-title\" href=\"https:\/\/h-town.de\/?p=935\">Landratswahl 2026 &#8211; Lerne die Kandidaten kennen<\/a><\/li>\n<li><a class=\"wp-block-latest-posts__post-title\" href=\"https:\/\/h-town.de\/?p=804\">Einladung OBR-Sitzung November 2025<\/a><\/li>\n<li><a class=\"wp-block-latest-posts__post-title\" href=\"https:\/\/h-town.de\/?p=678\">Ortsteilspaziergang am 23.09.2025<\/a><\/li>\n<li><a class=\"wp-block-latest-posts__post-title\" href=\"https:\/\/h-town.de\/?p=664\">Einladung OBR-Sitzung September 2025<\/a><\/li>\n<li><a class=\"wp-block-latest-posts__post-title\" href=\"https:\/\/h-town.de\/?p=596\">Einladung OBR-Sitzung Juli 2025<\/a><\/li>\n<li><a class=\"wp-block-latest-posts__post-title\" href=\"https:\/\/h-town.de\/?p=571\">Einladung OBR-Sitzung Mai 2025<\/a><\/li>\n<li><a class=\"wp-block-latest-posts__post-title\" href=\"https:\/\/h-town.de\/?p=549\">Einladung OBR-Sitzung April 2025<\/a><\/li>\n<li><a class=\"wp-block-latest-posts__post-title\" href=\"https:\/\/h-town.de\/?p=522\">Einladung OBR-Sitzung M\u00e4rz 2025<\/a><\/li>\n<\/ul><\/div>\n\n\n\n<div class=\"wp-block-column is-layout-flow wp-block-column-is-layout-flow\" style=\"flex-basis:50%\">\n<div class=\"wp-block-cover is-light\" style=\"min-height:300px;aspect-ratio:unset;\"><img loading=\"lazy\" decoding=\"async\" width=\"1024\" height=\"1024\" class=\"wp-block-cover__image-background wp-image-843 size-full\" alt=\"\" src=\"https:\/\/h-town.de\/wp-content\/uploads\/2025\/11\/pic_livestream.png\" data-object-fit=\"cover\" srcset=\"https:\/\/h-town.de\/wp-content\/uploads\/2025\/11\/pic_livestream.png 1024w, https:\/\/h-town.de\/wp-content\/uploads\/2025\/11\/pic_livestream-300x300.png 300w, https:\/\/h-town.de\/wp-content\/uploads\/2025\/11\/pic_livestream-150x150.png 150w, https:\/\/h-town.de\/wp-content\/uploads\/2025\/11\/pic_livestream-768x768.png 768w, https:\/\/h-town.de\/wp-content\/uploads\/2025\/11\/pic_livestream-1000x1000.png 1000w\" sizes=\"auto, (max-width: 1024px) 100vw, 1024px\" \/><span aria-hidden=\"true\" class=\"wp-block-cover__background has-light-gray-background-color has-background-dim-80 has-background-dim\"><\/span><div class=\"wp-block-cover__inner-container is-layout-flow wp-block-cover-is-layout-flow\">\n<p class=\"has-text-align-center has-xx-large-font-size\"><a href=\"https:\/\/www.senftenberg.de\/Rathaus\/Stadtpolitik\/Livestream\"><strong>Livestream der SVV<\/strong><\/a><\/p>\n<\/div><\/div>\n<\/div>\n<\/div>\n\n\n\n<p><\/p>\n","protected":false},"excerpt":{"rendered":"<p>Hosena ist ein Ortsteil der Stadt Senftenberg und geh\u00f6rt damit zur brandenburgischen Kommunalpolitik im Landkreis Oberspreewald-Lausitz. Politische Entscheidungen, die das Leben in Hosena [&hellip;]<\/p>\n","protected":false},"author":1,"featured_media":0,"parent":0,"menu_order":0,"comment_status":"closed","ping_status":"closed","template":"","meta":{"_eb_attr":"","footnotes":""},"class_list":["post-816","page","type-page","status-publish","hentry"],"jetpack_sharing_enabled":true,"_links":{"self":[{"href":"https:\/\/h-town.de\/index.php?rest_route=\/wp\/v2\/pages\/816","targetHints":{"allow":["GET"]}}],"collection":[{"href":"https:\/\/h-town.de\/index.php?rest_route=\/wp\/v2\/pages"}],"about":[{"href":"https:\/\/h-town.de\/index.php?rest_route=\/wp\/v2\/types\/page"}],"author":[{"embeddable":true,"href":"https:\/\/h-town.de\/index.php?rest_route=\/wp\/v2\/users\/1"}],"replies":[{"embeddable":true,"href":"https:\/\/h-town.de\/index.php?rest_route=%2Fwp%2Fv2%2Fcomments&post=816"}],"version-history":[{"count":11,"href":"https:\/\/h-town.de\/index.php?rest_route=\/wp\/v2\/pages\/816\/revisions"}],"predecessor-version":[{"id":854,"href":"https:\/\/h-town.de\/index.php?rest_route=\/wp\/v2\/pages\/816\/revisions\/854"}],"wp:attachment":[{"href":"https:\/\/h-town.de\/index.php?rest_route=%2Fwp%2Fv2%2Fmedia&parent=816"}],"curies":[{"name":"wp","href":"https:\/\/api.w.org\/{rel}","templated":true}]}}